{"id":215,"date":"2020-08-17T14:42:04","date_gmt":"2020-08-17T14:42:04","guid":{"rendered":"https:\/\/startersites.io\/blocksy\/business\/?page_id=215"},"modified":"2024-09-06T00:21:59","modified_gmt":"2024-09-06T00:21:59","slug":"hakkimizda","status":"publish","type":"page","link":"https:\/\/fixmed.net\/?page_id=215","title":{"rendered":"Hakk\u0131m\u0131zda"},"content":{"rendered":"\t\t<div data-elementor-type=\"wp-page\" data-elementor-id=\"215\" class=\"elementor elementor-215\">\n\t\t\t\t\t\t<section class=\"elementor-section elementor-top-section elementor-element elementor-element-25b7d045 ct-section-stretched elementor-section-boxed elementor-section-height-default elementor-section-height-default\" data-id=\"25b7d045\" data-element_type=\"section\" data-settings=\"{&quot;background_background&quot;:&quot;classic&quot;}\">\n\t\t\t\t\t\t\t<div class=\"elementor-background-overlay\"><\/div>\n\t\t\t\t\t\t\t<div class=\"elementor-container elementor-column-gap-default\">\n\t\t\t\t\t<div class=\"elementor-column elementor-col-50 elementor-top-column elementor-element elementor-element-36c6fc68\" data-id=\"36c6fc68\" data-element_type=\"column\">\n\t\t\t<div class=\"elementor-widget-wrap elementor-element-populated\">\n\t\t\t\t\t\t<div class=\"elementor-element elementor-element-1f1a7d8f elementor-widget elementor-widget-text-editor\" data-id=\"1f1a7d8f\" data-element_type=\"widget\" data-widget_type=\"text-editor.default\">\n\t\t\t\t<div class=\"elementor-widget-container\">\n\t\t\t<style>\/*! elementor - v3.23.0 - 05-08-2024 *\/\n.elementor-widget-text-editor.elementor-drop-cap-view-stacked .elementor-drop-cap{background-color:#69727d;color:#fff}.elementor-widget-text-editor.elementor-drop-cap-view-framed .elementor-drop-cap{color:#69727d;border:3px solid;background-color:transparent}.elementor-widget-text-editor:not(.elementor-drop-cap-view-default) .elementor-drop-cap{margin-top:8px}.elementor-widget-text-editor:not(.elementor-drop-cap-view-default) .elementor-drop-cap-letter{width:1em;height:1em}.elementor-widget-text-editor .elementor-drop-cap{float:left;text-align:center;line-height:1;font-size:50px}.elementor-widget-text-editor .elementor-drop-cap-letter{display:inline-block}<\/style>\t\t\t\t<p><strong>Fixmed G\u00f6r\u00fcnt\u00fcleme Sa\u011fl\u0131k Merkezi<\/strong><\/p>\t\t\t\t\t\t<\/div>\n\t\t\t\t<\/div>\n\t\t\t\t<div class=\"elementor-element elementor-element-77dcf47e elementor-widget elementor-widget-heading\" data-id=\"77dcf47e\" data-element_type=\"widget\" data-widget_type=\"heading.default\">\n\t\t\t\t<div class=\"elementor-widget-container\">\n\t\t\t<style>\/*! elementor - v3.23.0 - 05-08-2024 *\/\n.elementor-heading-title{padding:0;margin:0;line-height:1}.elementor-widget-heading .elementor-heading-title[class*=elementor-size-]>a{color:inherit;font-size:inherit;line-height:inherit}.elementor-widget-heading .elementor-heading-title.elementor-size-small{font-size:15px}.elementor-widget-heading .elementor-heading-title.elementor-size-medium{font-size:19px}.elementor-widget-heading .elementor-heading-title.elementor-size-large{font-size:29px}.elementor-widget-heading .elementor-heading-title.elementor-size-xl{font-size:39px}.elementor-widget-heading .elementor-heading-title.elementor-size-xxl{font-size:59px}<\/style><h2 class=\"elementor-heading-title elementor-size-default\">Hakk\u0131m\u0131zda<\/h2>\t\t<\/div>\n\t\t\t\t<\/div>\n\t\t\t\t\t<\/div>\n\t\t<\/div>\n\t\t\t\t<div class=\"elementor-column elementor-col-50 elementor-top-column elementor-element elementor-element-459a500f elementor-hidden-tablet elementor-hidden-phone\" data-id=\"459a500f\" data-element_type=\"column\">\n\t\t\t<div class=\"elementor-widget-wrap\">\n\t\t\t\t\t\t\t<\/div>\n\t\t<\/div>\n\t\t\t\t\t<\/div>\n\t\t<\/section>\n\t\t\t\t<section class=\"elementor-section elementor-top-section elementor-element elementor-element-5574a2e elementor-section-boxed elementor-section-height-default elementor-section-height-default\" data-id=\"5574a2e\" data-element_type=\"section\">\n\t\t\t\t\t\t<div class=\"elementor-container elementor-column-gap-no\">\n\t\t\t\t\t<div class=\"elementor-column elementor-col-100 elementor-top-column elementor-element elementor-element-21561fd3\" data-id=\"21561fd3\" data-element_type=\"column\">\n\t\t\t<div class=\"elementor-widget-wrap elementor-element-populated\">\n\t\t\t\t\t\t<div class=\"elementor-element elementor-element-2c3e458 elementor-widget elementor-widget-heading\" data-id=\"2c3e458\" data-element_type=\"widget\" data-widget_type=\"heading.default\">\n\t\t\t\t<div class=\"elementor-widget-container\">\n\t\t\t<h4 class=\"elementor-heading-title elementor-size-default\">Fixmed Evde G\u00f6r\u00fcnt\u00fcleme Hizmetleri<\/h4>\t\t<\/div>\n\t\t\t\t<\/div>\n\t\t\t\t<div class=\"elementor-element elementor-element-bd8f0bf elementor-widget elementor-widget-text-editor\" data-id=\"bd8f0bf\" data-element_type=\"widget\" data-widget_type=\"text-editor.default\">\n\t\t\t\t<div class=\"elementor-widget-container\">\n\t\t\t\t\t\t\t<p>Fixmed ; 2008 y\u0131l\u0131 Ocak ay\u0131nda ilk olarak \u0130stanbul\u2019daki yatalak ve evden \u00e7\u0131kmas\u0131 g\u00fc\u00e7 olan hastalar\u0131m\u0131z\u0131n evlerinde r\u00f6ntgen grafilerinin \u00e7ekimini sa\u011flamak amac\u0131yla kurulmu\u015ftur.<\/p><p>Daha sonra gelen talepler do\u011frultusunda hizmet portf\u00f6y\u00fcm\u00fczde yeni \u00fcr\u00fcnler eklemek mecburiyetini hissettik. Bu sebeple ilerleyen zamanlarda Evde EKG \u00e7ekimi i\u00e7in gerekli cihaz, e\u011fitim ve personel altyap\u0131m\u0131z\u0131 olu\u015fturduk.<\/p><p>G\u00f6r\u00fclen bo\u015fluk ve artan talep \u00fczerine \u00f6nce ultrason ve ard\u0131ndan renkli doppler \u00e7ekimi i\u00e7in gerekli ARGE ve planlaman\u0131n ard\u0131ndan radyolo\u011fumuz ile birlikte hastalar\u0131m\u0131z\u0131n evlerinde ultrason ve renkli doppler \u00e7ekimi hizmetimizi sunmaya ba\u015flad\u0131k.<\/p><p>2012 y\u0131l\u0131 ortas\u0131nda evde bak\u0131m hizmetlerinin geli\u015fmesiyle yine g\u00f6r\u00fclen bo\u015fluk \u00fczerine evde EEG \u00e7ekimi hizmetini hem yeti\u015fkin hem de \u00e7ocuk hastalar\u0131\u0131m\u0131z\u0131n hizmetine sunduk. Ayn\u0131 d\u00f6nemde evde uyku testi hizmetimizi de test a\u015famas\u0131ndan sonra hizmet portf\u00f6y\u00fcm\u00fcze katt\u0131k.<\/p><p>2012 y\u0131l\u0131 Temmuz ay\u0131 ile birlikte \u015fu anda referanslar b\u00f6l\u00fcm\u00fcm\u00fczde ad\u0131 ge\u00e7en t\u00fcm kurulu\u015flar bizden hizmet sat\u0131n almakta; ayn\u0131 zamanda kendi hasta grubumuz ve bizi y\u0131llard\u0131r tan\u0131yan bilen ve hizmetimizden memnun olan de\u011ferli hocalar\u0131m\u0131z\u0131n hastalar\u0131na hizmet vermenin gururu i\u00e7erisindeyiz.<\/p>\t\t\t\t\t\t<\/div>\n\t\t\t\t<\/div>\n\t\t\t\t<div class=\"elementor-element elementor-element-f7df56b elementor-widget__width-initial elementor-widget elementor-widget-spacer\" data-id=\"f7df56b\" data-element_type=\"widget\" data-widget_type=\"spacer.default\">\n\t\t\t\t<div class=\"elementor-widget-container\">\n\t\t\t<style>\/*! elementor - v3.23.0 - 05-08-2024 *\/\n.elementor-column .elementor-spacer-inner{height:var(--spacer-size)}.e-con{--container-widget-width:100%}.e-con-inner>.elementor-widget-spacer,.e-con>.elementor-widget-spacer{width:var(--container-widget-width,var(--spacer-size));--align-self:var(--container-widget-align-self,initial);--flex-shrink:0}.e-con-inner>.elementor-widget-spacer>.elementor-widget-container,.e-con>.elementor-widget-spacer>.elementor-widget-container{height:100%;width:100%}.e-con-inner>.elementor-widget-spacer>.elementor-widget-container>.elementor-spacer,.e-con>.elementor-widget-spacer>.elementor-widget-container>.elementor-spacer{height:100%}.e-con-inner>.elementor-widget-spacer>.elementor-widget-container>.elementor-spacer>.elementor-spacer-inner,.e-con>.elementor-widget-spacer>.elementor-widget-container>.elementor-spacer>.elementor-spacer-inner{height:var(--container-widget-height,var(--spacer-size))}.e-con-inner>.elementor-widget-spacer.elementor-widget-empty,.e-con>.elementor-widget-spacer.elementor-widget-empty{position:relative;min-height:22px;min-width:22px}.e-con-inner>.elementor-widget-spacer.elementor-widget-empty .elementor-widget-empty-icon,.e-con>.elementor-widget-spacer.elementor-widget-empty .elementor-widget-empty-icon{position:absolute;top:0;bottom:0;left:0;right:0;margin:auto;padding:0;width:22px;height:22px}<\/style>\t\t<div class=\"elementor-spacer\">\n\t\t\t<div class=\"elementor-spacer-inner\"><\/div>\n\t\t<\/div>\n\t\t\t\t<\/div>\n\t\t\t\t<\/div>\n\t\t\t\t<div class=\"elementor-element elementor-element-9ede97b elementor-widget elementor-widget-spacer\" data-id=\"9ede97b\" data-element_type=\"widget\" data-widget_type=\"spacer.default\">\n\t\t\t\t<div class=\"elementor-widget-container\">\n\t\t\t\t\t<div class=\"elementor-spacer\">\n\t\t\t<div class=\"elementor-spacer-inner\"><\/div>\n\t\t<\/div>\n\t\t\t\t<\/div>\n\t\t\t\t<\/div>\n\t\t\t\t\t<\/div>\n\t\t<\/div>\n\t\t\t\t\t<\/div>\n\t\t<\/section>\n\t\t\t\t<\/div>\n\t\t","protected":false},"excerpt":{"rendered":"<p>Fixmed G\u00f6r\u00fcnt\u00fcleme Sa\u011fl\u0131k Merkezi Hakk\u0131m\u0131zda Fixmed Evde G\u00f6r\u00fcnt\u00fcleme Hizmetleri Fixmed ; 2008 y\u0131l\u0131 Ocak ay\u0131nda ilk olarak \u0130stanbul\u2019daki yatalak ve evden \u00e7\u0131kmas\u0131 g\u00fc\u00e7 olan hastalar\u0131m\u0131z\u0131n evlerinde r\u00f6ntgen grafilerinin \u00e7ekimini sa\u011flamak amac\u0131yla kurulmu\u015ftur. Daha sonra gelen talepler do\u011frultusunda hizmet portf\u00f6y\u00fcm\u00fczde yeni \u00fcr\u00fcnler eklemek mecburiyetini hissettik. Bu sebeple ilerleyen zamanlarda Evde EKG \u00e7ekimi i\u00e7in gerekli cihaz, e\u011fitim [&hellip;]<\/p>\n","protected":false},"author":1,"featured_media":0,"parent":0,"menu_order":0,"comment_status":"closed","ping_status":"closed","template":"","meta":{"_joinchat":[],"footnotes":""},"class_list":["post-215","page","type-page","status-publish","hentry"],"blocksy_meta":{"page_title_panel":"","has_hero_section":"disabled","0df2dca53447789c9966a9ee2482ae8e":"","hero_section":"type-1","hero_elements":[{"id":"custom_title","enabled":true,"heading_tag":"h1","title":"Home"},{"id":"custom_description","enabled":true,"description_visibility":{"desktop":true,"tablet":true,"mobile":false}},{"id":"custom_meta","enabled":false,"meta_elements":[{"id":"author","enabled":true,"label":"By","has_author_avatar":"yes","avatar_size":25},{"id":"post_date","enabled":true,"label":"On","date_format_source":"default","date_format":"M j, Y"},{"id":"comments","enabled":true}],"page_meta_elements":{"joined":true,"articles_count":true,"comments":true}},{"id":"breadcrumbs","enabled":false}],"9a068402903147dab0312ed721d813d1":"","hero_alignment1":"left","hero_alignment2":"center","hero_vertical_alignment":"center","878df3921d36f5f7834a2f50f2d62119":"","hero_structure":"narrow","c672b96ecc952ad64c8c2d7fdf1a61dc":"","page_title_bg_type":"featured_image","custom_hero_background":{"attachment_id":null},"parallax":{"desktop":false,"tablet":false,"mobile":false},"cc7bcd5456d7cac909e888486d83b616":"","hero_height":"250px","pageTitleFont":{"family":"Default","variation":"Default","size":{"desktop":"32px","tablet":"30px","mobile":"25px"},"line-height":"CT_CSS_SKIP_RULE","letter-spacing":"CT_CSS_SKIP_RULE","text-transform":"CT_CSS_SKIP_RULE","text-decoration":"CT_CSS_SKIP_RULE"},"pageTitleFontColor":{"default":{"color":"CT_CSS_SKIP_RULEDEFAULT"}},"pageMetaFont":{"family":"Default","variation":"n6","size":"12px","line-height":"1.3","letter-spacing":"CT_CSS_SKIP_RULE","text-transform":"uppercase","text-decoration":"CT_CSS_SKIP_RULE"},"pageMetaFontColor":{"default":{"color":"CT_CSS_SKIP_RULEDEFAULT"},"hover":{"color":"CT_CSS_SKIP_RULEDEFAULT"}},"pageExcerptFont":{"family":"Default","variation":"Default","size":"CT_CSS_SKIP_RULE","line-height":"CT_CSS_SKIP_RULE","letter-spacing":"CT_CSS_SKIP_RULE","text-transform":"CT_CSS_SKIP_RULE","text-decoration":"CT_CSS_SKIP_RULE"},"pageExcerptColor":{"default":{"color":"CT_CSS_SKIP_RULEDEFAULT"}},"breadcrumbsFont":{"family":"Default","variation":"n6","size":"12px","line-height":"CT_CSS_SKIP_RULE","letter-spacing":"CT_CSS_SKIP_RULE","text-transform":"uppercase","text-decoration":"CT_CSS_SKIP_RULE"},"breadcrumbsFontColor":{"default":{"color":"CT_CSS_SKIP_RULEDEFAULT"},"initial":{"color":"CT_CSS_SKIP_RULEDEFAULT"},"hover":{"color":"CT_CSS_SKIP_RULEDEFAULT"}},"pageTitleOverlay":{"default":{"color":"rgba(41, 51, 60, 0.2)"}},"pageTitleBackground":{"background_type":"color","background_pattern":"type-1","background_image":{"attachment_id":null,"x":0,"y":0},"background_repeat":"no-repeat","background_size":"auto","background_attachment":"scroll","patternColor":{"default":{"color":"#e5e7ea"}},"backgroundColor":{"default":{"color":"#EDEFF2"}}},"5384544efa2613b7222fa667fe0c3bd5":"","page_structure_type":"default","content_style":"inherit","vertical_spacing_source":"custom","content_area_spacing":"none","background":{"background_type":"color","background_pattern":"type-1","background_image":{"attachment_id":null,"x":0,"y":0},"background_repeat":"no-repeat","background_size":"auto","background_attachment":"scroll","patternColor":{"default":{"color":"#e5e7ea"}},"backgroundColor":{"default":{"color":"CT_CSS_SKIP_RULE"}}},"content_background":{"background_type":"color","background_pattern":"type-1","background_image":{"attachment_id":null,"x":0,"y":0},"background_repeat":"no-repeat","background_size":"auto","background_attachment":"scroll","patternColor":{"default":{"color":"#e5e7ea"}},"backgroundColor":{"default":{"color":"#ffffff"}}},"content_boxed_spacing":{"desktop":"40px","tablet":"35px","mobile":"20px"},"content_boxed_radius":{"top":"3px","bottom":"3px","left":"3px","right":"3px","linked":true},"content_boxed_shadow":{"blur":18,"spread":-6,"v_offset":12,"h_offset":0,"inset":false,"enable":true,"color":{"color":"rgba(34, 56, 101, 0.04)"}},"7b360c47770bb2bc7820037d1b7ccdae":"","disable_featured_image":"no","disable_header":"no","disable_footer":"no","styles_descriptor":{"styles":{"desktop":"","tablet":"","mobile":""},"google_fonts":[]}},"_links":{"self":[{"href":"https:\/\/fixmed.net\/index.php?rest_route=\/wp\/v2\/pages\/215","targetHints":{"allow":["GET"]}}],"collection":[{"href":"https:\/\/fixmed.net\/index.php?rest_route=\/wp\/v2\/pages"}],"about":[{"href":"https:\/\/fixmed.net\/index.php?rest_route=\/wp\/v2\/types\/page"}],"author":[{"embeddable":true,"href":"https:\/\/fixmed.net\/index.php?rest_route=\/wp\/v2\/users\/1"}],"replies":[{"embeddable":true,"href":"https:\/\/fixmed.net\/index.php?rest_route=%2Fwp%2Fv2%2Fcomments&post=215"}],"version-history":[{"count":16,"href":"https:\/\/fixmed.net\/index.php?rest_route=\/wp\/v2\/pages\/215\/revisions"}],"predecessor-version":[{"id":798,"href":"https:\/\/fixmed.net\/index.php?rest_route=\/wp\/v2\/pages\/215\/revisions\/798"}],"wp:attachment":[{"href":"https:\/\/fixmed.net\/index.php?rest_route=%2Fwp%2Fv2%2Fmedia&parent=215"}],"curies":[{"name":"wp","href":"https:\/\/api.w.org\/{rel}","templated":true}]}}